{"id":15,"date":"2013-09-28T17:20:41","date_gmt":"2013-09-28T17:20:41","guid":{"rendered":"http:\/\/geschichte-magazin.de\/?page_id=2"},"modified":"2013-09-28T17:20:41","modified_gmt":"2013-09-28T17:20:41","slug":"information","status":"publish","type":"page","link":"https:\/\/geschichte-wissen.de\/magazin\/information\/","title":{"rendered":"Information"},"content":{"rendered":"<p style=\"text-align: center\"><img loading=\"lazy\" decoding=\"async\" class=\"alignnone\" alt=\"\" src=\"https:\/\/geschichte-wissen.de\/images\/stories\/ipad-startseite-placeit.png\" width=\"800\" height=\"531\" \/><\/p>\n<p>Das <strong>Magazin<\/strong> ist ein Premiumangebot von Geschichte-Wissen. Wir widmen uns einem Schwerpunktthema und stellen dieses \u00fcbersichtlich, reich bebildert und verst\u00e4ndlich dar. Deshalb wenden wir uns auch nicht an ein Fachpublikum, sondern an eine breite Leserschaft.<\/p>\n<p>Geschichte-Wissen m\u00f6chte einen Beitrag zur multimedialen Aufarbeitung der Geschichte im Internet leisten. Seit Mai 2008 bieten wir Besuchern ein interaktives Portal, auf dem unsere Mitglieder selbst aktiv werden k\u00f6nnen. Mit verschiedensten Angeboten, die unter anderem ein Magazin und ein Forum umfassen, m\u00f6chten wir den hohen Anspr\u00fcchen, die unsere Besucher an Geschichte-Wissen stellen, gerecht werden. Mittelpunkt dabei ist das Nachschlagewerk, das &#8211; gegliedert in die Portale Antike, Mittelalter, Neuzeit und Zeitgeschichte &#8211; bereits mehr als 960 hochwertige Artikel umfasst.<\/p>\n<p>&nbsp;<\/p>\n<h2>Kennzahlen<\/h2>\n<ul>\n<li>Auf Geschichte-Wissen wurden bereits \u00fcber 960 Artikel ver\u00f6ffentlicht.<\/li>\n<li>Eine wachsende Gemeinschaft hat bereits \u00fcber 56.000 Beitr\u00e4ge im Forum verfasst.<\/li>\n<li>Die verschiedenen Angebote auf Geschichte-Wissen richten sich gleicherma\u00dfen an Historiker, Studenten, Sch\u00fcler und Interessierte.<\/li>\n<li>Mit Twitter, Facebook und Google+ nutzt Geschichte-Wissen neueste Medien um Besuchern Informationen leicht zug\u00e4nglich zu machen.<\/li>\n<\/ul>\n<p>&nbsp;<\/p>\n<h2>Lesen lohnt sich&#8230;<\/h2>\n<p>Das Magazin ist Teil des <a href=\"https:\/\/geschichte-wissen.de\/premium.html\">Premium-Angebots<\/a> von Geschichte-Wissen: F\u00fcr nur 3 \u20ac erhalten Sie 2 Monate Zugriff (20 \u20ac f\u00fcr 2 Jahre) auf umfangreiche Artikel, das gesamte Archiv des Magazins und das Premiumforum. Einzelne Magazin-Ausgaben sind auch im Einzelabruf erh\u00e4ltlich.<\/p>\n<p>&nbsp;<\/p>\n<h2>St\u00f6bern Sie in unserer Demo<\/h2>\n<p><a href=\"https:\/\/geschichte-wissen.de\/demo-spaltung-europas-magazin.pdf\">Vertiefen Sie sich in unsere Demo-Version <\/a>und lernen Sie das Geschichte-Wissen Magazin kennen.<\/p>\n<p>&nbsp;<\/p>\n<h2>Legen Sie los&#8230;<\/h2>\n<p><a href=\"https:\/\/geschichte-wissen.de\/premium-anmeldung\/levels.html\">Registrieren Sie sich noch heute als Premiummitglied von Geschichte-Wissen und erhalten Sie sofort und automatisch Zugang zu allen Magazin-Ausgaben und vielen spannenden Artikeln unserer Autoren.<\/a><\/p>\n<p>&nbsp;<\/p>\n","protected":false},"excerpt":{"rendered":"<p>Das Magazin ist ein Premiumangebot von Geschichte-Wissen. Wir widmen uns einem Schwerpunktthema und stellen dieses \u00fcbersichtlich, reich bebildert und verst\u00e4ndlich dar. Deshalb wenden wir uns auch nicht an ein Fachpublikum, sondern an eine breite Leserschaft. Geschichte-Wissen m\u00f6chte einen Beitrag zur multimedialen Aufarbeitung der Geschichte im Internet leisten. Seit Mai 2008 bieten wir Besuchern ein interaktives [&hellip;]<\/p>\n","protected":false},"author":1,"featured_media":0,"parent":0,"menu_order":0,"comment_status":"closed","ping_status":"closed","template":"","meta":{"footnotes":""},"class_list":["post-15","page","type-page","status-publish","hentry"],"yoast_head":"<!-- This site is optimized with the Yoast SEO plugin v27.1.1 - https:\/\/yoast.com\/product\/yoast-seo-wordpress\/ -->\n<title>Information - Geschichte-Wissen Magazin<\/title>\n<meta name=\"robots\" content=\"index, follow, max-snippet:-1, max-image-preview:large, max-video-preview:-1\" \/>\n<link rel=\"canonical\" href=\"https:\/\/geschichte-wissen.de\/magazin\/information\/\" \/>\n<meta property=\"og:locale\" content=\"de_DE\" \/>\n<meta property=\"og:type\" content=\"article\" \/>\n<meta property=\"og:title\" content=\"Information - Geschichte-Wissen Magazin\" \/>\n<meta property=\"og:description\" content=\"Das Magazin ist ein Premiumangebot von Geschichte-Wissen. Wir widmen uns einem Schwerpunktthema und stellen dieses \u00fcbersichtlich, reich bebildert und verst\u00e4ndlich dar. Deshalb wenden wir uns auch nicht an ein Fachpublikum, sondern an eine breite Leserschaft. Geschichte-Wissen m\u00f6chte einen Beitrag zur multimedialen Aufarbeitung der Geschichte im Internet leisten. Seit Mai 2008 bieten wir Besuchern ein interaktives [&hellip;]\" \/>\n<meta property=\"og:url\" content=\"https:\/\/geschichte-wissen.de\/magazin\/information\/\" \/>\n<meta property=\"og:site_name\" content=\"Geschichte-Wissen Magazin\" \/>\n<meta property=\"article:publisher\" content=\"https:\/\/facebook.com\/geschichtewissen\" \/>\n<meta property=\"og:image\" content=\"https:\/\/geschichte-wissen.de\/images\/stories\/ipad-startseite-placeit.png\" \/>\n<meta name=\"twitter:card\" content=\"summary_large_image\" \/>\n<meta name=\"twitter:site\" content=\"@geschichte_info\" \/>\n<meta name=\"twitter:label1\" content=\"Gesch\u00e4tzte Lesezeit\" \/>\n\t<meta name=\"twitter:data1\" content=\"1\u00a0Minute\" \/>\n<script type=\"application\/ld+json\" class=\"yoast-schema-graph\">{\"@context\":\"https:\/\/schema.org\",\"@graph\":[{\"@type\":\"WebPage\",\"@id\":\"https:\/\/geschichte-wissen.de\/magazin\/information\/\",\"url\":\"https:\/\/geschichte-wissen.de\/magazin\/information\/\",\"name\":\"Information - Geschichte-Wissen Magazin\",\"isPartOf\":{\"@id\":\"https:\/\/geschichte-wissen.de\/magazin\/#website\"},\"primaryImageOfPage\":{\"@id\":\"https:\/\/geschichte-wissen.de\/magazin\/information\/#primaryimage\"},\"image\":{\"@id\":\"https:\/\/geschichte-wissen.de\/magazin\/information\/#primaryimage\"},\"thumbnailUrl\":\"https:\/\/geschichte-wissen.de\/images\/stories\/ipad-startseite-placeit.png\",\"datePublished\":\"2013-09-28T17:20:41+00:00\",\"breadcrumb\":{\"@id\":\"https:\/\/geschichte-wissen.de\/magazin\/information\/#breadcrumb\"},\"inLanguage\":\"de\",\"potentialAction\":[{\"@type\":\"ReadAction\",\"target\":[\"https:\/\/geschichte-wissen.de\/magazin\/information\/\"]}]},{\"@type\":\"ImageObject\",\"inLanguage\":\"de\",\"@id\":\"https:\/\/geschichte-wissen.de\/magazin\/information\/#primaryimage\",\"url\":\"https:\/\/geschichte-wissen.de\/images\/stories\/ipad-startseite-placeit.png\",\"contentUrl\":\"https:\/\/geschichte-wissen.de\/images\/stories\/ipad-startseite-placeit.png\"},{\"@type\":\"BreadcrumbList\",\"@id\":\"https:\/\/geschichte-wissen.de\/magazin\/information\/#breadcrumb\",\"itemListElement\":[{\"@type\":\"ListItem\",\"position\":1,\"name\":\"Startseite\",\"item\":\"https:\/\/geschichte-wissen.de\/magazin\/\"},{\"@type\":\"ListItem\",\"position\":2,\"name\":\"Information\"}]},{\"@type\":\"WebSite\",\"@id\":\"https:\/\/geschichte-wissen.de\/magazin\/#website\",\"url\":\"https:\/\/geschichte-wissen.de\/magazin\/\",\"name\":\"Geschichte-Wissen Magazin\",\"description\":\"Kostenloses Geschichte-Magazin\",\"publisher\":{\"@id\":\"https:\/\/geschichte-wissen.de\/magazin\/#organization\"},\"potentialAction\":[{\"@type\":\"SearchAction\",\"target\":{\"@type\":\"EntryPoint\",\"urlTemplate\":\"https:\/\/geschichte-wissen.de\/magazin\/?s={search_term_string}\"},\"query-input\":{\"@type\":\"PropertyValueSpecification\",\"valueRequired\":true,\"valueName\":\"search_term_string\"}}],\"inLanguage\":\"de\"},{\"@type\":\"Organization\",\"@id\":\"https:\/\/geschichte-wissen.de\/magazin\/#organization\",\"name\":\"Geschichte-Wissen\",\"url\":\"https:\/\/geschichte-wissen.de\/magazin\/\",\"logo\":{\"@type\":\"ImageObject\",\"inLanguage\":\"de\",\"@id\":\"https:\/\/geschichte-wissen.de\/magazin\/#\/schema\/logo\/image\/\",\"url\":\"https:\/\/geschichte-wissen.de\/magazin\/wp-content\/uploads\/sites\/4\/2023\/04\/12003903_1014037591949890_1730217062277779097_n.png\",\"contentUrl\":\"https:\/\/geschichte-wissen.de\/magazin\/wp-content\/uploads\/sites\/4\/2023\/04\/12003903_1014037591949890_1730217062277779097_n.png\",\"width\":300,\"height\":300,\"caption\":\"Geschichte-Wissen\"},\"image\":{\"@id\":\"https:\/\/geschichte-wissen.de\/magazin\/#\/schema\/logo\/image\/\"},\"sameAs\":[\"https:\/\/facebook.com\/geschichtewissen\",\"https:\/\/x.com\/geschichte_info\",\"https:\/\/instagram.com\/geschichtewissen\"]}]}<\/script>\n<!-- \/ Yoast SEO plugin. -->","yoast_head_json":{"title":"Information - Geschichte-Wissen Magazin","robots":{"index":"index","follow":"follow","max-snippet":"max-snippet:-1","max-image-preview":"max-image-preview:large","max-video-preview":"max-video-preview:-1"},"canonical":"https:\/\/geschichte-wissen.de\/magazin\/information\/","og_locale":"de_DE","og_type":"article","og_title":"Information - Geschichte-Wissen Magazin","og_description":"Das Magazin ist ein Premiumangebot von Geschichte-Wissen. Wir widmen uns einem Schwerpunktthema und stellen dieses \u00fcbersichtlich, reich bebildert und verst\u00e4ndlich dar. Deshalb wenden wir uns auch nicht an ein Fachpublikum, sondern an eine breite Leserschaft. Geschichte-Wissen m\u00f6chte einen Beitrag zur multimedialen Aufarbeitung der Geschichte im Internet leisten. Seit Mai 2008 bieten wir Besuchern ein interaktives [&hellip;]","og_url":"https:\/\/geschichte-wissen.de\/magazin\/information\/","og_site_name":"Geschichte-Wissen Magazin","article_publisher":"https:\/\/facebook.com\/geschichtewissen","og_image":[{"url":"https:\/\/geschichte-wissen.de\/images\/stories\/ipad-startseite-placeit.png","type":"","width":"","height":""}],"twitter_card":"summary_large_image","twitter_site":"@geschichte_info","twitter_misc":{"Gesch\u00e4tzte Lesezeit":"1\u00a0Minute"},"schema":{"@context":"https:\/\/schema.org","@graph":[{"@type":"WebPage","@id":"https:\/\/geschichte-wissen.de\/magazin\/information\/","url":"https:\/\/geschichte-wissen.de\/magazin\/information\/","name":"Information - Geschichte-Wissen Magazin","isPartOf":{"@id":"https:\/\/geschichte-wissen.de\/magazin\/#website"},"primaryImageOfPage":{"@id":"https:\/\/geschichte-wissen.de\/magazin\/information\/#primaryimage"},"image":{"@id":"https:\/\/geschichte-wissen.de\/magazin\/information\/#primaryimage"},"thumbnailUrl":"https:\/\/geschichte-wissen.de\/images\/stories\/ipad-startseite-placeit.png","datePublished":"2013-09-28T17:20:41+00:00","breadcrumb":{"@id":"https:\/\/geschichte-wissen.de\/magazin\/information\/#breadcrumb"},"inLanguage":"de","potentialAction":[{"@type":"ReadAction","target":["https:\/\/geschichte-wissen.de\/magazin\/information\/"]}]},{"@type":"ImageObject","inLanguage":"de","@id":"https:\/\/geschichte-wissen.de\/magazin\/information\/#primaryimage","url":"https:\/\/geschichte-wissen.de\/images\/stories\/ipad-startseite-placeit.png","contentUrl":"https:\/\/geschichte-wissen.de\/images\/stories\/ipad-startseite-placeit.png"},{"@type":"BreadcrumbList","@id":"https:\/\/geschichte-wissen.de\/magazin\/information\/#breadcrumb","itemListElement":[{"@type":"ListItem","position":1,"name":"Startseite","item":"https:\/\/geschichte-wissen.de\/magazin\/"},{"@type":"ListItem","position":2,"name":"Information"}]},{"@type":"WebSite","@id":"https:\/\/geschichte-wissen.de\/magazin\/#website","url":"https:\/\/geschichte-wissen.de\/magazin\/","name":"Geschichte-Wissen Magazin","description":"Kostenloses Geschichte-Magazin","publisher":{"@id":"https:\/\/geschichte-wissen.de\/magazin\/#organization"},"potentialAction":[{"@type":"SearchAction","target":{"@type":"EntryPoint","urlTemplate":"https:\/\/geschichte-wissen.de\/magazin\/?s={search_term_string}"},"query-input":{"@type":"PropertyValueSpecification","valueRequired":true,"valueName":"search_term_string"}}],"inLanguage":"de"},{"@type":"Organization","@id":"https:\/\/geschichte-wissen.de\/magazin\/#organization","name":"Geschichte-Wissen","url":"https:\/\/geschichte-wissen.de\/magazin\/","logo":{"@type":"ImageObject","inLanguage":"de","@id":"https:\/\/geschichte-wissen.de\/magazin\/#\/schema\/logo\/image\/","url":"https:\/\/geschichte-wissen.de\/magazin\/wp-content\/uploads\/sites\/4\/2023\/04\/12003903_1014037591949890_1730217062277779097_n.png","contentUrl":"https:\/\/geschichte-wissen.de\/magazin\/wp-content\/uploads\/sites\/4\/2023\/04\/12003903_1014037591949890_1730217062277779097_n.png","width":300,"height":300,"caption":"Geschichte-Wissen"},"image":{"@id":"https:\/\/geschichte-wissen.de\/magazin\/#\/schema\/logo\/image\/"},"sameAs":["https:\/\/facebook.com\/geschichtewissen","https:\/\/x.com\/geschichte_info","https:\/\/instagram.com\/geschichtewissen"]}]}},"_links":{"self":[{"href":"https:\/\/geschichte-wissen.de\/magazin\/wp-json\/wp\/v2\/pages\/15","targetHints":{"allow":["GET"]}}],"collection":[{"href":"https:\/\/geschichte-wissen.de\/magazin\/wp-json\/wp\/v2\/pages"}],"about":[{"href":"https:\/\/geschichte-wissen.de\/magazin\/wp-json\/wp\/v2\/types\/page"}],"author":[{"embeddable":true,"href":"https:\/\/geschichte-wissen.de\/magazin\/wp-json\/wp\/v2\/users\/1"}],"replies":[{"embeddable":true,"href":"https:\/\/geschichte-wissen.de\/magazin\/wp-json\/wp\/v2\/comments?post=15"}],"version-history":[{"count":0,"href":"https:\/\/geschichte-wissen.de\/magazin\/wp-json\/wp\/v2\/pages\/15\/revisions"}],"wp:attachment":[{"href":"https:\/\/geschichte-wissen.de\/magazin\/wp-json\/wp\/v2\/media?parent=15"}],"curies":[{"name":"wp","href":"https:\/\/api.w.org\/{rel}","templated":true}]}}